{"id":18,"date":"2025-01-06T18:42:57","date_gmt":"2025-01-06T17:42:57","guid":{"rendered":"http:\/\/xn--lafeclochette-dhb.fr\/?page_id=18"},"modified":"2025-02-27T14:49:17","modified_gmt":"2025-02-27T13:49:17","slug":"les-creations","status":"publish","type":"page","link":"https:\/\/xn--lafeclochette-dhb.fr\/index.php\/les-creations\/","title":{"rendered":"Les Cr\u00e9ations"},"content":{"rendered":"\n<p class=\"has-text-align-left has-huge-font-size\"><strong>Les Cr\u00e9ations<\/strong><\/p>\n\n\n\n<figure class=\"wp-block-gallery has-nested-images columns-default is-cropped wp-block-gallery-1 is-layout-flex wp-block-gallery-is-layout-flex\">\n<figure class=\"wp-block-image size-large\"><img loading=\"lazy\" decoding=\"async\" width=\"575\" height=\"1024\" data-id=\"154\" src=\"https:\/\/xn--lafeclochette-dhb.fr\/wp-content\/uploads\/283003017_5146637878728478_3605843764123573646_n-575x1024.jpg\" alt=\"\" class=\"wp-image-154\" srcset=\"https:\/\/xn--lafeclochette-dhb.fr\/wp-content\/uploads\/283003017_5146637878728478_3605843764123573646_n-575x1024.jpg 575w, https:\/\/xn--lafeclochette-dhb.fr\/wp-content\/uploads\/283003017_5146637878728478_3605843764123573646_n-168x300.jpg 168w, https:\/\/xn--lafeclochette-dhb.fr\/wp-content\/uploads\/283003017_5146637878728478_3605843764123573646_n-768x1368.jpg 768w, https:\/\/xn--lafeclochette-dhb.fr\/wp-content\/uploads\/283003017_5146637878728478_3605843764123573646_n-863x1536.jpg 863w, https:\/\/xn--lafeclochette-dhb.fr\/wp-content\/uploads\/283003017_5146637878728478_3605843764123573646_n.jpg 1150w\" sizes=\"auto, (max-width: 575px) 100vw, 575px\" \/><\/figure>\n\n\n\n<figure class=\"wp-block-image size-large\"><img loading=\"lazy\" decoding=\"async\" width=\"575\" height=\"1024\" data-id=\"166\" src=\"https:\/\/xn--lafeclochette-dhb.fr\/wp-content\/uploads\/283013789_5144706228921643_8570799836419952620_n-1-575x1024.jpg\" alt=\"\" class=\"wp-image-166\" srcset=\"https:\/\/xn--lafeclochette-dhb.fr\/wp-content\/uploads\/283013789_5144706228921643_8570799836419952620_n-1-575x1024.jpg 575w, https:\/\/xn--lafeclochette-dhb.fr\/wp-content\/uploads\/283013789_5144706228921643_8570799836419952620_n-1-168x300.jpg 168w, https:\/\/xn--lafeclochette-dhb.fr\/wp-content\/uploads\/283013789_5144706228921643_8570799836419952620_n-1-768x1368.jpg 768w, https:\/\/xn--lafeclochette-dhb.fr\/wp-content\/uploads\/283013789_5144706228921643_8570799836419952620_n-1-863x1536.jpg 863w, https:\/\/xn--lafeclochette-dhb.fr\/wp-content\/uploads\/283013789_5144706228921643_8570799836419952620_n-1.jpg 1150w\" sizes=\"auto, (max-width: 575px) 100vw, 575px\" \/><\/figure>\n\n\n\n<figure class=\"wp-block-image size-large\"><img loading=\"lazy\" decoding=\"async\" width=\"720\" height=\"960\" data-id=\"151\" src=\"https:\/\/xn--lafeclochette-dhb.fr\/wp-content\/uploads\/75279278_2581273075264984_4389319330832056320_n.jpg\" alt=\"\" class=\"wp-image-151\" srcset=\"https:\/\/xn--lafeclochette-dhb.fr\/wp-content\/uploads\/75279278_2581273075264984_4389319330832056320_n.jpg 720w, https:\/\/xn--lafeclochette-dhb.fr\/wp-content\/uploads\/75279278_2581273075264984_4389319330832056320_n-225x300.jpg 225w\" sizes=\"auto, (max-width: 720px) 100vw, 720px\" \/><\/figure>\n<\/figure>\n\n\n\n<hr class=\"wp-block-separator has-alpha-channel-opacity\"\/>\n\n\n\n<figure class=\"wp-block-gallery has-nested-images columns-default is-cropped wp-block-gallery-2 is-layout-flex wp-block-gallery-is-layout-flex\">\n<figure class=\"wp-block-image size-large\"><img loading=\"lazy\" decoding=\"async\" width=\"720\" height=\"960\" data-id=\"149\" src=\"https:\/\/xn--lafeclochette-dhb.fr\/wp-content\/uploads\/50914168_2112364342155862_8406847922947227648_n.jpg\" alt=\"\" class=\"wp-image-149\" srcset=\"https:\/\/xn--lafeclochette-dhb.fr\/wp-content\/uploads\/50914168_2112364342155862_8406847922947227648_n.jpg 720w, https:\/\/xn--lafeclochette-dhb.fr\/wp-content\/uploads\/50914168_2112364342155862_8406847922947227648_n-225x300.jpg 225w\" sizes=\"auto, (max-width: 720px) 100vw, 720px\" \/><\/figure>\n\n\n\n<figure class=\"wp-block-image size-large\"><img loading=\"lazy\" decoding=\"async\" width=\"720\" height=\"960\" data-id=\"150\" src=\"https:\/\/xn--lafeclochette-dhb.fr\/wp-content\/uploads\/50496144_2112364395489190_3206112156395241472_n.jpg\" alt=\"\" class=\"wp-image-150\" srcset=\"https:\/\/xn--lafeclochette-dhb.fr\/wp-content\/uploads\/50496144_2112364395489190_3206112156395241472_n.jpg 720w, https:\/\/xn--lafeclochette-dhb.fr\/wp-content\/uploads\/50496144_2112364395489190_3206112156395241472_n-225x300.jpg 225w\" sizes=\"auto, (max-width: 720px) 100vw, 720px\" \/><\/figure>\n\n\n\n<figure class=\"wp-block-image size-large\"><img loading=\"lazy\" decoding=\"async\" width=\"640\" height=\"960\" data-id=\"148\" src=\"https:\/\/xn--lafeclochette-dhb.fr\/wp-content\/uploads\/36656119_1829008320491467_4868044984168742912_n.jpg\" alt=\"\" class=\"wp-image-148\" srcset=\"https:\/\/xn--lafeclochette-dhb.fr\/wp-content\/uploads\/36656119_1829008320491467_4868044984168742912_n.jpg 640w, https:\/\/xn--lafeclochette-dhb.fr\/wp-content\/uploads\/36656119_1829008320491467_4868044984168742912_n-200x300.jpg 200w\" sizes=\"auto, (max-width: 640px) 100vw, 640px\" \/><\/figure>\n<\/figure>\n\n\n\n<hr class=\"wp-block-separator has-alpha-channel-opacity\"\/>\n\n\n\n<figure class=\"wp-block-gallery has-nested-images columns-default is-cropped wp-block-gallery-3 is-layout-flex wp-block-gallery-is-layout-flex\">\n<figure class=\"wp-block-image size-large\"><img loading=\"lazy\" decoding=\"async\" width=\"768\" height=\"1024\" data-id=\"164\" src=\"https:\/\/xn--lafeclochette-dhb.fr\/wp-content\/uploads\/332917317_755402106108476_3906812638747533523_n-768x1024.jpg\" alt=\"\" class=\"wp-image-164\" srcset=\"https:\/\/xn--lafeclochette-dhb.fr\/wp-content\/uploads\/332917317_755402106108476_3906812638747533523_n-768x1024.jpg 768w, https:\/\/xn--lafeclochette-dhb.fr\/wp-content\/uploads\/332917317_755402106108476_3906812638747533523_n-225x300.jpg 225w, https:\/\/xn--lafeclochette-dhb.fr\/wp-content\/uploads\/332917317_755402106108476_3906812638747533523_n-1152x1536.jpg 1152w, https:\/\/xn--lafeclochette-dhb.fr\/wp-content\/uploads\/332917317_755402106108476_3906812638747533523_n.jpg 1536w\" sizes=\"auto, (max-width: 768px) 100vw, 768px\" \/><\/figure>\n\n\n\n<figure class=\"wp-block-image size-large\"><img loading=\"lazy\" decoding=\"async\" width=\"768\" height=\"1024\" data-id=\"156\" src=\"https:\/\/xn--lafeclochette-dhb.fr\/wp-content\/uploads\/336377007_723559596128058_2122426980557037375_n-768x1024.jpg\" alt=\"\" class=\"wp-image-156\" srcset=\"https:\/\/xn--lafeclochette-dhb.fr\/wp-content\/uploads\/336377007_723559596128058_2122426980557037375_n-768x1024.jpg 768w, https:\/\/xn--lafeclochette-dhb.fr\/wp-content\/uploads\/336377007_723559596128058_2122426980557037375_n-225x300.jpg 225w, https:\/\/xn--lafeclochette-dhb.fr\/wp-content\/uploads\/336377007_723559596128058_2122426980557037375_n-1152x1536.jpg 1152w, https:\/\/xn--lafeclochette-dhb.fr\/wp-content\/uploads\/336377007_723559596128058_2122426980557037375_n.jpg 1536w\" sizes=\"auto, (max-width: 768px) 100vw, 768px\" \/><\/figure>\n\n\n\n<figure class=\"wp-block-image size-large\"><img loading=\"lazy\" decoding=\"async\" width=\"811\" height=\"1024\" data-id=\"161\" src=\"https:\/\/xn--lafeclochette-dhb.fr\/wp-content\/uploads\/399958943_924471269148803_8305940293248886707_n-811x1024.jpg\" alt=\"\" class=\"wp-image-161\" srcset=\"https:\/\/xn--lafeclochette-dhb.fr\/wp-content\/uploads\/399958943_924471269148803_8305940293248886707_n-811x1024.jpg 811w, https:\/\/xn--lafeclochette-dhb.fr\/wp-content\/uploads\/399958943_924471269148803_8305940293248886707_n-237x300.jpg 237w, https:\/\/xn--lafeclochette-dhb.fr\/wp-content\/uploads\/399958943_924471269148803_8305940293248886707_n-768x970.jpg 768w, https:\/\/xn--lafeclochette-dhb.fr\/wp-content\/uploads\/399958943_924471269148803_8305940293248886707_n-1216x1536.jpg 1216w, https:\/\/xn--lafeclochette-dhb.fr\/wp-content\/uploads\/399958943_924471269148803_8305940293248886707_n.jpg 1621w\" sizes=\"auto, (max-width: 811px) 100vw, 811px\" \/><\/figure>\n<\/figure>\n\n\n\n<hr class=\"wp-block-separator has-alpha-channel-opacity\"\/>\n\n\n\n<figure class=\"wp-block-gallery has-nested-images columns-default is-cropped wp-block-gallery-4 is-layout-flex wp-block-gallery-is-layout-flex\">\n<figure class=\"wp-block-image size-large\"><img loading=\"lazy\" decoding=\"async\" width=\"768\" height=\"1024\" data-id=\"163\" src=\"https:\/\/xn--lafeclochette-dhb.fr\/wp-content\/uploads\/311157511_647505713512028_8528723827099463630_n-768x1024.jpg\" alt=\"\" class=\"wp-image-163\" srcset=\"https:\/\/xn--lafeclochette-dhb.fr\/wp-content\/uploads\/311157511_647505713512028_8528723827099463630_n-768x1024.jpg 768w, https:\/\/xn--lafeclochette-dhb.fr\/wp-content\/uploads\/311157511_647505713512028_8528723827099463630_n-225x300.jpg 225w, https:\/\/xn--lafeclochette-dhb.fr\/wp-content\/uploads\/311157511_647505713512028_8528723827099463630_n-1152x1536.jpg 1152w, https:\/\/xn--lafeclochette-dhb.fr\/wp-content\/uploads\/311157511_647505713512028_8528723827099463630_n.jpg 1536w\" sizes=\"auto, (max-width: 768px) 100vw, 768px\" \/><\/figure>\n\n\n\n<figure class=\"wp-block-image size-large\"><img loading=\"lazy\" decoding=\"async\" width=\"1772\" height=\"2048\" data-id=\"158\" src=\"https:\/\/xn--lafeclochette-dhb.fr\/wp-content\/uploads\/457224982_1117453846517210_509488117773866990_n-1.jpg\" alt=\"\" class=\"wp-image-158\" srcset=\"https:\/\/xn--lafeclochette-dhb.fr\/wp-content\/uploads\/457224982_1117453846517210_509488117773866990_n-1.jpg 1772w, https:\/\/xn--lafeclochette-dhb.fr\/wp-content\/uploads\/457224982_1117453846517210_509488117773866990_n-1-260x300.jpg 260w\" sizes=\"auto, (max-width: 1772px) 100vw, 1772px\" \/><\/figure>\n\n\n\n<figure class=\"wp-block-image size-large\"><img loading=\"lazy\" decoding=\"async\" width=\"768\" height=\"1024\" data-id=\"157\" src=\"https:\/\/xn--lafeclochette-dhb.fr\/wp-content\/uploads\/460171524_1132835941645667_8357622504907133045_n-768x1024.jpg\" alt=\"\" class=\"wp-image-157\" srcset=\"https:\/\/xn--lafeclochette-dhb.fr\/wp-content\/uploads\/460171524_1132835941645667_8357622504907133045_n-768x1024.jpg 768w, https:\/\/xn--lafeclochette-dhb.fr\/wp-content\/uploads\/460171524_1132835941645667_8357622504907133045_n-225x300.jpg 225w, https:\/\/xn--lafeclochette-dhb.fr\/wp-content\/uploads\/460171524_1132835941645667_8357622504907133045_n.jpg 1530w\" sizes=\"auto, (max-width: 768px) 100vw, 768px\" \/><\/figure>\n\n\n\n<figure class=\"wp-block-image size-large\"><img loading=\"lazy\" decoding=\"async\" width=\"666\" height=\"1000\" data-id=\"159\" src=\"https:\/\/xn--lafeclochette-dhb.fr\/wp-content\/uploads\/463840808_8552652764793622_6879774075475225783_n.jpg\" alt=\"\" class=\"wp-image-159\" srcset=\"https:\/\/xn--lafeclochette-dhb.fr\/wp-content\/uploads\/463840808_8552652764793622_6879774075475225783_n.jpg 666w, https:\/\/xn--lafeclochette-dhb.fr\/wp-content\/uploads\/463840808_8552652764793622_6879774075475225783_n-200x300.jpg 200w\" sizes=\"auto, (max-width: 666px) 100vw, 666px\" \/><\/figure>\n\n\n\n<figure class=\"wp-block-image size-large\"><img loading=\"lazy\" decoding=\"async\" width=\"768\" height=\"1024\" data-id=\"160\" src=\"https:\/\/xn--lafeclochette-dhb.fr\/wp-content\/uploads\/430465557_998205701775359_5926557533617863570_n-768x1024.jpg\" alt=\"\" class=\"wp-image-160\" srcset=\"https:\/\/xn--lafeclochette-dhb.fr\/wp-content\/uploads\/430465557_998205701775359_5926557533617863570_n-768x1024.jpg 768w, https:\/\/xn--lafeclochette-dhb.fr\/wp-content\/uploads\/430465557_998205701775359_5926557533617863570_n-225x300.jpg 225w, https:\/\/xn--lafeclochette-dhb.fr\/wp-content\/uploads\/430465557_998205701775359_5926557533617863570_n.jpg 1536w\" sizes=\"auto, (max-width: 768px) 100vw, 768px\" \/><\/figure>\n\n\n\n<figure class=\"wp-block-image size-large\"><img loading=\"lazy\" decoding=\"async\" width=\"666\" height=\"1000\" data-id=\"162\" src=\"https:\/\/xn--lafeclochette-dhb.fr\/wp-content\/uploads\/463917938_8552652781460287_1875300426135781809_n.jpg\" alt=\"\" class=\"wp-image-162\" srcset=\"https:\/\/xn--lafeclochette-dhb.fr\/wp-content\/uploads\/463917938_8552652781460287_1875300426135781809_n.jpg 666w, https:\/\/xn--lafeclochette-dhb.fr\/wp-content\/uploads\/463917938_8552652781460287_1875300426135781809_n-200x300.jpg 200w\" sizes=\"auto, (max-width: 666px) 100vw, 666px\" \/><\/figure>\n<\/figure>\n\n\n\n<hr class=\"wp-block-separator has-alpha-channel-opacity\"\/>\n\n\n\n<figure class=\"wp-block-image size-full\"><img loading=\"lazy\" decoding=\"async\" width=\"960\" height=\"720\" src=\"http:\/\/xn--lafeclochette-dhb.fr\/wp-content\/uploads\/464017192_8551617494897149_295594010304179639_n.jpg\" alt=\"\" class=\"wp-image-155\" srcset=\"https:\/\/xn--lafeclochette-dhb.fr\/wp-content\/uploads\/464017192_8551617494897149_295594010304179639_n.jpg 960w, https:\/\/xn--lafeclochette-dhb.fr\/wp-content\/uploads\/464017192_8551617494897149_295594010304179639_n-300x225.jpg 300w, https:\/\/xn--lafeclochette-dhb.fr\/wp-content\/uploads\/464017192_8551617494897149_295594010304179639_n-768x576.jpg 768w\" sizes=\"auto, (max-width: 960px) 100vw, 960px\" \/><\/figure>\n","protected":false},"excerpt":{"rendered":"<p>Les Cr\u00e9ations<\/p>\n","protected":false},"author":1,"featured_media":0,"parent":0,"menu_order":0,"comment_status":"closed","ping_status":"closed","template":"","meta":{"footnotes":""},"class_list":["post-18","page","type-page","status-publish","hentry"],"yoast_head":"<!-- This site is optimized with the Yoast SEO plugin v26.6 - https:\/\/yoast.com\/wordpress\/plugins\/seo\/ -->\n<title>Les Cr\u00e9ations - LaF\u00e9eClochette<\/title>\n<meta name=\"description\" content=\"Cr\u00e9ations originales, sur mesure et uniques. De la robe, au pull en passant par le cartable de rentr\u00e9e jusqu&#039;au moindre d\u00e9tail...\" \/>\n<meta name=\"robots\" content=\"index, follow, max-snippet:-1, max-image-preview:large, max-video-preview:-1\" \/>\n<link rel=\"canonical\" href=\"https:\/\/xn--lafeclochette-dhb.fr\/index.php\/les-creations\/\" \/>\n<meta property=\"og:locale\" content=\"fr_FR\" \/>\n<meta property=\"og:type\" content=\"article\" \/>\n<meta property=\"og:title\" content=\"Les Cr\u00e9ations - LaF\u00e9eClochette\" \/>\n<meta property=\"og:description\" content=\"Cr\u00e9ations originales, sur mesure et uniques. De la robe, au pull en passant par le cartable de rentr\u00e9e jusqu&#039;au moindre d\u00e9tail...\" \/>\n<meta property=\"og:url\" content=\"https:\/\/xn--lafeclochette-dhb.fr\/index.php\/les-creations\/\" \/>\n<meta property=\"og:site_name\" content=\"LaF\u00e9eClochette\" \/>\n<meta property=\"article:modified_time\" content=\"2025-02-27T13:49:17+00:00\" \/>\n<meta property=\"og:image\" content=\"https:\/\/xn--lafeclochette-dhb.fr\/wp-content\/uploads\/283003017_5146637878728478_3605843764123573646_n.jpg\" \/>\n\t<meta property=\"og:image:width\" content=\"1150\" \/>\n\t<meta property=\"og:image:height\" content=\"2048\" \/>\n\t<meta property=\"og:image:type\" content=\"image\/jpeg\" \/>\n<meta name=\"twitter:card\" content=\"summary_large_image\" \/>\n<meta name=\"twitter:label1\" content=\"Dur\u00e9e de lecture estim\u00e9e\" \/>\n\t<meta name=\"twitter:data1\" content=\"4 minutes\" \/>\n<script type=\"application\/ld+json\" class=\"yoast-schema-graph\">{\"@context\":\"https:\/\/schema.org\",\"@graph\":[{\"@type\":\"WebPage\",\"@id\":\"https:\/\/xn--lafeclochette-dhb.fr\/index.php\/les-creations\/\",\"url\":\"https:\/\/xn--lafeclochette-dhb.fr\/index.php\/les-creations\/\",\"name\":\"Les Cr\u00e9ations - LaF\u00e9eClochette\",\"isPartOf\":{\"@id\":\"https:\/\/xn--lafeclochette-dhb.fr\/#website\"},\"primaryImageOfPage\":{\"@id\":\"https:\/\/xn--lafeclochette-dhb.fr\/index.php\/les-creations\/#primaryimage\"},\"image\":{\"@id\":\"https:\/\/xn--lafeclochette-dhb.fr\/index.php\/les-creations\/#primaryimage\"},\"thumbnailUrl\":\"https:\/\/xn--lafeclochette-dhb.fr\/wp-content\/uploads\/283003017_5146637878728478_3605843764123573646_n-575x1024.jpg\",\"datePublished\":\"2025-01-06T17:42:57+00:00\",\"dateModified\":\"2025-02-27T13:49:17+00:00\",\"description\":\"Cr\u00e9ations originales, sur mesure et uniques. De la robe, au pull en passant par le cartable de rentr\u00e9e jusqu'au moindre d\u00e9tail...\",\"breadcrumb\":{\"@id\":\"https:\/\/xn--lafeclochette-dhb.fr\/index.php\/les-creations\/#breadcrumb\"},\"inLanguage\":\"fr-FR\",\"potentialAction\":[{\"@type\":\"ReadAction\",\"target\":[\"https:\/\/xn--lafeclochette-dhb.fr\/index.php\/les-creations\/\"]}]},{\"@type\":\"ImageObject\",\"inLanguage\":\"fr-FR\",\"@id\":\"https:\/\/xn--lafeclochette-dhb.fr\/index.php\/les-creations\/#primaryimage\",\"url\":\"https:\/\/xn--lafeclochette-dhb.fr\/wp-content\/uploads\/283003017_5146637878728478_3605843764123573646_n.jpg\",\"contentUrl\":\"https:\/\/xn--lafeclochette-dhb.fr\/wp-content\/uploads\/283003017_5146637878728478_3605843764123573646_n.jpg\",\"width\":1150,\"height\":2048},{\"@type\":\"BreadcrumbList\",\"@id\":\"https:\/\/xn--lafeclochette-dhb.fr\/index.php\/les-creations\/#breadcrumb\",\"itemListElement\":[{\"@type\":\"ListItem\",\"position\":1,\"name\":\"Accueil\",\"item\":\"https:\/\/xn--lafeclochette-dhb.fr\/\"},{\"@type\":\"ListItem\",\"position\":2,\"name\":\"Les Cr\u00e9ations\"}]},{\"@type\":\"WebSite\",\"@id\":\"https:\/\/xn--lafeclochette-dhb.fr\/#website\",\"url\":\"https:\/\/xn--lafeclochette-dhb.fr\/\",\"name\":\"LaF\u00e9eClochette\",\"description\":\"Robes de mari\u00e9e sur mesure\",\"publisher\":{\"@id\":\"https:\/\/xn--lafeclochette-dhb.fr\/#organization\"},\"potentialAction\":[{\"@type\":\"SearchAction\",\"target\":{\"@type\":\"EntryPoint\",\"urlTemplate\":\"https:\/\/xn--lafeclochette-dhb.fr\/?s={search_term_string}\"},\"query-input\":{\"@type\":\"PropertyValueSpecification\",\"valueRequired\":true,\"valueName\":\"search_term_string\"}}],\"inLanguage\":\"fr-FR\"},{\"@type\":\"Organization\",\"@id\":\"https:\/\/xn--lafeclochette-dhb.fr\/#organization\",\"name\":\"LaF\u00e9eClochette\",\"url\":\"https:\/\/xn--lafeclochette-dhb.fr\/\",\"logo\":{\"@type\":\"ImageObject\",\"inLanguage\":\"fr-FR\",\"@id\":\"https:\/\/xn--lafeclochette-dhb.fr\/#\/schema\/logo\/image\/\",\"url\":\"https:\/\/xn--lafeclochette-dhb.fr\/wp-content\/uploads\/2025\/01\/logoclochetteCARRE2.jpg\",\"contentUrl\":\"https:\/\/xn--lafeclochette-dhb.fr\/wp-content\/uploads\/2025\/01\/logoclochetteCARRE2.jpg\",\"width\":512,\"height\":512,\"caption\":\"LaF\u00e9eClochette\"},\"image\":{\"@id\":\"https:\/\/xn--lafeclochette-dhb.fr\/#\/schema\/logo\/image\/\"}}]}<\/script>\n<!-- \/ Yoast SEO plugin. -->","yoast_head_json":{"title":"Les Cr\u00e9ations - LaF\u00e9eClochette","description":"Cr\u00e9ations originales, sur mesure et uniques. De la robe, au pull en passant par le cartable de rentr\u00e9e jusqu'au moindre d\u00e9tail...","robots":{"index":"index","follow":"follow","max-snippet":"max-snippet:-1","max-image-preview":"max-image-preview:large","max-video-preview":"max-video-preview:-1"},"canonical":"https:\/\/xn--lafeclochette-dhb.fr\/index.php\/les-creations\/","og_locale":"fr_FR","og_type":"article","og_title":"Les Cr\u00e9ations - LaF\u00e9eClochette","og_description":"Cr\u00e9ations originales, sur mesure et uniques. De la robe, au pull en passant par le cartable de rentr\u00e9e jusqu'au moindre d\u00e9tail...","og_url":"https:\/\/xn--lafeclochette-dhb.fr\/index.php\/les-creations\/","og_site_name":"LaF\u00e9eClochette","article_modified_time":"2025-02-27T13:49:17+00:00","og_image":[{"width":1150,"height":2048,"url":"https:\/\/xn--lafeclochette-dhb.fr\/wp-content\/uploads\/283003017_5146637878728478_3605843764123573646_n.jpg","type":"image\/jpeg"}],"twitter_card":"summary_large_image","twitter_misc":{"Dur\u00e9e de lecture estim\u00e9e":"4 minutes"},"schema":{"@context":"https:\/\/schema.org","@graph":[{"@type":"WebPage","@id":"https:\/\/xn--lafeclochette-dhb.fr\/index.php\/les-creations\/","url":"https:\/\/xn--lafeclochette-dhb.fr\/index.php\/les-creations\/","name":"Les Cr\u00e9ations - LaF\u00e9eClochette","isPartOf":{"@id":"https:\/\/xn--lafeclochette-dhb.fr\/#website"},"primaryImageOfPage":{"@id":"https:\/\/xn--lafeclochette-dhb.fr\/index.php\/les-creations\/#primaryimage"},"image":{"@id":"https:\/\/xn--lafeclochette-dhb.fr\/index.php\/les-creations\/#primaryimage"},"thumbnailUrl":"https:\/\/xn--lafeclochette-dhb.fr\/wp-content\/uploads\/283003017_5146637878728478_3605843764123573646_n-575x1024.jpg","datePublished":"2025-01-06T17:42:57+00:00","dateModified":"2025-02-27T13:49:17+00:00","description":"Cr\u00e9ations originales, sur mesure et uniques. De la robe, au pull en passant par le cartable de rentr\u00e9e jusqu'au moindre d\u00e9tail...","breadcrumb":{"@id":"https:\/\/xn--lafeclochette-dhb.fr\/index.php\/les-creations\/#breadcrumb"},"inLanguage":"fr-FR","potentialAction":[{"@type":"ReadAction","target":["https:\/\/xn--lafeclochette-dhb.fr\/index.php\/les-creations\/"]}]},{"@type":"ImageObject","inLanguage":"fr-FR","@id":"https:\/\/xn--lafeclochette-dhb.fr\/index.php\/les-creations\/#primaryimage","url":"https:\/\/xn--lafeclochette-dhb.fr\/wp-content\/uploads\/283003017_5146637878728478_3605843764123573646_n.jpg","contentUrl":"https:\/\/xn--lafeclochette-dhb.fr\/wp-content\/uploads\/283003017_5146637878728478_3605843764123573646_n.jpg","width":1150,"height":2048},{"@type":"BreadcrumbList","@id":"https:\/\/xn--lafeclochette-dhb.fr\/index.php\/les-creations\/#breadcrumb","itemListElement":[{"@type":"ListItem","position":1,"name":"Accueil","item":"https:\/\/xn--lafeclochette-dhb.fr\/"},{"@type":"ListItem","position":2,"name":"Les Cr\u00e9ations"}]},{"@type":"WebSite","@id":"https:\/\/xn--lafeclochette-dhb.fr\/#website","url":"https:\/\/xn--lafeclochette-dhb.fr\/","name":"LaF\u00e9eClochette","description":"Robes de mari\u00e9e sur mesure","publisher":{"@id":"https:\/\/xn--lafeclochette-dhb.fr\/#organization"},"potentialAction":[{"@type":"SearchAction","target":{"@type":"EntryPoint","urlTemplate":"https:\/\/xn--lafeclochette-dhb.fr\/?s={search_term_string}"},"query-input":{"@type":"PropertyValueSpecification","valueRequired":true,"valueName":"search_term_string"}}],"inLanguage":"fr-FR"},{"@type":"Organization","@id":"https:\/\/xn--lafeclochette-dhb.fr\/#organization","name":"LaF\u00e9eClochette","url":"https:\/\/xn--lafeclochette-dhb.fr\/","logo":{"@type":"ImageObject","inLanguage":"fr-FR","@id":"https:\/\/xn--lafeclochette-dhb.fr\/#\/schema\/logo\/image\/","url":"https:\/\/xn--lafeclochette-dhb.fr\/wp-content\/uploads\/2025\/01\/logoclochetteCARRE2.jpg","contentUrl":"https:\/\/xn--lafeclochette-dhb.fr\/wp-content\/uploads\/2025\/01\/logoclochetteCARRE2.jpg","width":512,"height":512,"caption":"LaF\u00e9eClochette"},"image":{"@id":"https:\/\/xn--lafeclochette-dhb.fr\/#\/schema\/logo\/image\/"}}]}},"_links":{"self":[{"href":"https:\/\/xn--lafeclochette-dhb.fr\/index.php\/wp-json\/wp\/v2\/pages\/18","targetHints":{"allow":["GET"]}}],"collection":[{"href":"https:\/\/xn--lafeclochette-dhb.fr\/index.php\/wp-json\/wp\/v2\/pages"}],"about":[{"href":"https:\/\/xn--lafeclochette-dhb.fr\/index.php\/wp-json\/wp\/v2\/types\/page"}],"author":[{"embeddable":true,"href":"https:\/\/xn--lafeclochette-dhb.fr\/index.php\/wp-json\/wp\/v2\/users\/1"}],"replies":[{"embeddable":true,"href":"https:\/\/xn--lafeclochette-dhb.fr\/index.php\/wp-json\/wp\/v2\/comments?post=18"}],"version-history":[{"count":7,"href":"https:\/\/xn--lafeclochette-dhb.fr\/index.php\/wp-json\/wp\/v2\/pages\/18\/revisions"}],"predecessor-version":[{"id":173,"href":"https:\/\/xn--lafeclochette-dhb.fr\/index.php\/wp-json\/wp\/v2\/pages\/18\/revisions\/173"}],"wp:attachment":[{"href":"https:\/\/xn--lafeclochette-dhb.fr\/index.php\/wp-json\/wp\/v2\/media?parent=18"}],"curies":[{"name":"wp","href":"https:\/\/api.w.org\/{rel}","templated":true}]}}