{"id":14,"date":"2025-01-06T18:42:11","date_gmt":"2025-01-06T17:42:11","guid":{"rendered":"http:\/\/xn--lafeclochette-dhb.fr\/?page_id=14"},"modified":"2025-02-27T13:49:00","modified_gmt":"2025-02-27T12:49:00","slug":"mon-parcours","status":"publish","type":"page","link":"https:\/\/xn--lafeclochette-dhb.fr\/index.php\/mon-parcours\/","title":{"rendered":"Mon Parcours"},"content":{"rendered":"\n<p class=\"has-huge-font-size\"><strong>Mon Parcours<\/strong><\/p>\n\n\n\n<div class=\"wp-block-media-text is-stacked-on-mobile\" style=\"grid-template-columns:40% auto\"><figure class=\"wp-block-media-text__media\"><img loading=\"lazy\" decoding=\"async\" width=\"768\" height=\"1024\" src=\"https:\/\/xn--lafeclochette-dhb.fr\/wp-content\/uploads\/angele-768x1024.jpg\" alt=\"\" class=\"wp-image-54 size-full\" srcset=\"https:\/\/xn--lafeclochette-dhb.fr\/wp-content\/uploads\/angele-768x1024.jpg 768w, https:\/\/xn--lafeclochette-dhb.fr\/wp-content\/uploads\/angele-225x300.jpg 225w, https:\/\/xn--lafeclochette-dhb.fr\/wp-content\/uploads\/angele-1152x1536.jpg 1152w, https:\/\/xn--lafeclochette-dhb.fr\/wp-content\/uploads\/angele.jpg 1536w\" sizes=\"auto, (max-width: 768px) 100vw, 768px\" \/><\/figure><div class=\"wp-block-media-text__content\">\n<p>D\u00e9j\u00e0 petite fille, je passais mon temps \u00e0 r\u00eaver et \u00e0 dessiner, au point de d\u00e9crocher les rideaux de la maison pour m&rsquo;en faire des robes. \u00c0 11 ans, je d\u00e9clamais haut et fort que je deviendrai \u00ab\u00a0styliste de robes de mari\u00e9es\u00a0\u00bb.<\/p>\n\n\n\n<p>J&rsquo;ai donc pass\u00e9 un BEP en M\u00e9tier de la Mode et des Industries Connexes \u00e0 18 ans, dipl\u00f4me principalement orient\u00e9 sur la couture ancienne \u00e0 la main et la maintenance des machines \u00e0 coudre.<\/p>\n\n\n\n<p><\/p>\n<\/div><\/div>\n\n\n\n<div class=\"wp-block-media-text has-media-on-the-right is-stacked-on-mobile\" style=\"grid-template-columns:auto 42%\"><div class=\"wp-block-media-text__content\">\n<p>Ma rencontre avec la styliste Madame Marque Pascale m&rsquo;a donn\u00e9e la possibilit\u00e9 d&rsquo;approfondir, \u00e0 ses cot\u00e9s, mes connaissances et mes comp\u00e9tences dans le domaine sur mesure (particuli\u00e8rement du mod\u00e9lisme et du patronage).<\/p>\n<\/div><figure class=\"wp-block-media-text__media\"><img loading=\"lazy\" decoding=\"async\" width=\"845\" height=\"1024\" src=\"https:\/\/xn--lafeclochette-dhb.fr\/wp-content\/uploads\/Pascale-845x1024.jpg\" alt=\"\" class=\"wp-image-67 size-full\" srcset=\"https:\/\/xn--lafeclochette-dhb.fr\/wp-content\/uploads\/Pascale-845x1024.jpg 845w, https:\/\/xn--lafeclochette-dhb.fr\/wp-content\/uploads\/Pascale-248x300.jpg 248w, https:\/\/xn--lafeclochette-dhb.fr\/wp-content\/uploads\/Pascale-768x931.jpg 768w, https:\/\/xn--lafeclochette-dhb.fr\/wp-content\/uploads\/Pascale-1268x1536.jpg 1268w, https:\/\/xn--lafeclochette-dhb.fr\/wp-content\/uploads\/Pascale.jpg 1690w\" sizes=\"auto, (max-width: 845px) 100vw, 845px\" \/><\/figure><\/div>\n\n\n\n<p>La deuxi\u00e8me rencontre marquante dans ma vie d&rsquo;artiste sera avec Mamie Michou (qui avait 86 ans \u00e0 l&rsquo;\u00e9poque). Elle me transmettra son savoir-faire de \u00ab\u00a0fourreur et experte en costumes proven\u00e7aux r\u00e9alis\u00e9s \u00e0 la main\u00a0\u00bb.<\/p>\n\n\n\n<figure class=\"wp-block-gallery has-nested-images columns-default is-cropped wp-block-gallery-1 is-layout-flex wp-block-gallery-is-layout-flex\">\n<figure class=\"wp-block-image size-large\"><img loading=\"lazy\" decoding=\"async\" width=\"762\" height=\"1024\" data-id=\"59\" src=\"https:\/\/xn--lafeclochette-dhb.fr\/wp-content\/uploads\/MamieMichou1-1-762x1024.jpg\" alt=\"\" class=\"wp-image-59\" srcset=\"https:\/\/xn--lafeclochette-dhb.fr\/wp-content\/uploads\/MamieMichou1-1-762x1024.jpg 762w, https:\/\/xn--lafeclochette-dhb.fr\/wp-content\/uploads\/MamieMichou1-1-223x300.jpg 223w, https:\/\/xn--lafeclochette-dhb.fr\/wp-content\/uploads\/MamieMichou1-1-768x1032.jpg 768w, https:\/\/xn--lafeclochette-dhb.fr\/wp-content\/uploads\/MamieMichou1-1.jpg 1072w\" sizes=\"auto, (max-width: 762px) 100vw, 762px\" \/><\/figure>\n\n\n\n<figure class=\"wp-block-image size-large\"><img loading=\"lazy\" decoding=\"async\" width=\"720\" height=\"960\" data-id=\"60\" src=\"https:\/\/xn--lafeclochette-dhb.fr\/wp-content\/uploads\/MamieMichou2.jpg\" alt=\"\" class=\"wp-image-60\" srcset=\"https:\/\/xn--lafeclochette-dhb.fr\/wp-content\/uploads\/MamieMichou2.jpg 720w, https:\/\/xn--lafeclochette-dhb.fr\/wp-content\/uploads\/MamieMichou2-225x300.jpg 225w\" sizes=\"auto, (max-width: 720px) 100vw, 720px\" \/><\/figure>\n<\/figure>\n\n\n\n<div class=\"wp-block-media-text has-media-on-the-right is-stacked-on-mobile\"><div class=\"wp-block-media-text__content\">\n<p>Mes ann\u00e9es d&rsquo;exp\u00e9rience et d\u2019obstination ainsi que mon travail personnel de longue haleine ont valu \u00e0 mon entreprise de recevoir le label d&rsquo;Artisan d&rsquo;Art en 2024.<\/p>\n<\/div><figure class=\"wp-block-media-text__media\"><img loading=\"lazy\" decoding=\"async\" width=\"410\" height=\"123\" src=\"https:\/\/xn--lafeclochette-dhb.fr\/wp-content\/uploads\/metierdart.jpg\" alt=\"\" class=\"wp-image-63 size-full\" srcset=\"https:\/\/xn--lafeclochette-dhb.fr\/wp-content\/uploads\/metierdart.jpg 410w, https:\/\/xn--lafeclochette-dhb.fr\/wp-content\/uploads\/metierdart-300x90.jpg 300w\" sizes=\"auto, (max-width: 410px) 100vw, 410px\" \/><\/figure><\/div>\n\n\n\n<p>Riche de mon savoir-faire et de toutes ces rencontres passionnantes, je mets aujourd&rsquo;hui \u00e0 votre disposition mes comp\u00e9tences en tant que cr\u00e9atrice pour r\u00e9aliser la robe de mari\u00e9e de vos r\u00eaves. <\/p>\n\n\n\n<figure class=\"wp-block-gallery has-nested-images columns-default is-cropped wp-block-gallery-2 is-layout-flex wp-block-gallery-is-layout-flex\">\n<figure class=\"wp-block-image size-large\"><img loading=\"lazy\" decoding=\"async\" width=\"640\" height=\"960\" data-id=\"64\" src=\"https:\/\/xn--lafeclochette-dhb.fr\/wp-content\/uploads\/36599572_1829008530491446_8431100203108401152_n.jpg\" alt=\"\" class=\"wp-image-64\" srcset=\"https:\/\/xn--lafeclochette-dhb.fr\/wp-content\/uploads\/36599572_1829008530491446_8431100203108401152_n.jpg 640w, https:\/\/xn--lafeclochette-dhb.fr\/wp-content\/uploads\/36599572_1829008530491446_8431100203108401152_n-200x300.jpg 200w\" sizes=\"auto, (max-width: 640px) 100vw, 640px\" \/><\/figure>\n\n\n\n<figure class=\"wp-block-image size-large\"><img loading=\"lazy\" decoding=\"async\" width=\"640\" height=\"960\" data-id=\"65\" src=\"https:\/\/xn--lafeclochette-dhb.fr\/wp-content\/uploads\/36643926_1829008430491456_6150864334374305792_n.jpg\" alt=\"\" class=\"wp-image-65\" srcset=\"https:\/\/xn--lafeclochette-dhb.fr\/wp-content\/uploads\/36643926_1829008430491456_6150864334374305792_n.jpg 640w, https:\/\/xn--lafeclochette-dhb.fr\/wp-content\/uploads\/36643926_1829008430491456_6150864334374305792_n-200x300.jpg 200w\" sizes=\"auto, (max-width: 640px) 100vw, 640px\" \/><\/figure>\n<\/figure>\n","protected":false},"excerpt":{"rendered":"<p>Mon Parcours D\u00e9j\u00e0 petite fille, je passais mon temps \u00e0 r\u00eaver et \u00e0 dessiner, au point de d\u00e9crocher les rideaux de la maison pour m&rsquo;en faire des robes. \u00c0 11 ans, je d\u00e9clamais haut et fort que je deviendrai \u00ab\u00a0styliste de robes de mari\u00e9es\u00a0\u00bb. J&rsquo;ai donc pass\u00e9 un BEP en M\u00e9tier de la Mode et &hellip;<\/p>\n","protected":false},"author":1,"featured_media":0,"parent":0,"menu_order":0,"comment_status":"closed","ping_status":"closed","template":"","meta":{"footnotes":""},"class_list":["post-14","page","type-page","status-publish","hentry"],"yoast_head":"<!-- This site is optimized with the Yoast SEO plugin v26.6 - https:\/\/yoast.com\/wordpress\/plugins\/seo\/ -->\n<title>Mon Parcours - LaF\u00e9eClochette<\/title>\n<meta name=\"description\" content=\"Mon parcours de couturi\u00e8re cr\u00e9atrice en sur mesure de pr\u00eat \u00e0 porter f\u00e9minin, passionn\u00e9e de savoir-faire anciens et traditionnels.\" \/>\n<meta name=\"robots\" content=\"index, follow, max-snippet:-1, max-image-preview:large, max-video-preview:-1\" \/>\n<link rel=\"canonical\" href=\"https:\/\/xn--lafeclochette-dhb.fr\/index.php\/mon-parcours\/\" \/>\n<meta property=\"og:locale\" content=\"fr_FR\" \/>\n<meta property=\"og:type\" content=\"article\" \/>\n<meta property=\"og:title\" content=\"Mon Parcours - LaF\u00e9eClochette\" \/>\n<meta property=\"og:description\" content=\"Mon parcours de couturi\u00e8re cr\u00e9atrice en sur mesure de pr\u00eat \u00e0 porter f\u00e9minin, passionn\u00e9e de savoir-faire anciens et traditionnels.\" \/>\n<meta property=\"og:url\" content=\"https:\/\/xn--lafeclochette-dhb.fr\/index.php\/mon-parcours\/\" \/>\n<meta property=\"og:site_name\" content=\"LaF\u00e9eClochette\" \/>\n<meta property=\"article:modified_time\" content=\"2025-02-27T12:49:00+00:00\" \/>\n<meta property=\"og:image\" content=\"https:\/\/xn--lafeclochette-dhb.fr\/wp-content\/uploads\/angele.jpg\" \/>\n\t<meta property=\"og:image:width\" content=\"1536\" \/>\n\t<meta property=\"og:image:height\" content=\"2048\" \/>\n\t<meta property=\"og:image:type\" content=\"image\/jpeg\" \/>\n<meta name=\"twitter:card\" content=\"summary_large_image\" \/>\n<meta name=\"twitter:label1\" content=\"Dur\u00e9e de lecture estim\u00e9e\" \/>\n\t<meta name=\"twitter:data1\" content=\"3 minutes\" \/>\n<script type=\"application\/ld+json\" class=\"yoast-schema-graph\">{\"@context\":\"https:\/\/schema.org\",\"@graph\":[{\"@type\":\"WebPage\",\"@id\":\"https:\/\/xn--lafeclochette-dhb.fr\/index.php\/mon-parcours\/\",\"url\":\"https:\/\/xn--lafeclochette-dhb.fr\/index.php\/mon-parcours\/\",\"name\":\"Mon Parcours - LaF\u00e9eClochette\",\"isPartOf\":{\"@id\":\"https:\/\/xn--lafeclochette-dhb.fr\/#website\"},\"primaryImageOfPage\":{\"@id\":\"https:\/\/xn--lafeclochette-dhb.fr\/index.php\/mon-parcours\/#primaryimage\"},\"image\":{\"@id\":\"https:\/\/xn--lafeclochette-dhb.fr\/index.php\/mon-parcours\/#primaryimage\"},\"thumbnailUrl\":\"https:\/\/xn--lafeclochette-dhb.fr\/wp-content\/uploads\/angele-768x1024.jpg\",\"datePublished\":\"2025-01-06T17:42:11+00:00\",\"dateModified\":\"2025-02-27T12:49:00+00:00\",\"description\":\"Mon parcours de couturi\u00e8re cr\u00e9atrice en sur mesure de pr\u00eat \u00e0 porter f\u00e9minin, passionn\u00e9e de savoir-faire anciens et traditionnels.\",\"breadcrumb\":{\"@id\":\"https:\/\/xn--lafeclochette-dhb.fr\/index.php\/mon-parcours\/#breadcrumb\"},\"inLanguage\":\"fr-FR\",\"potentialAction\":[{\"@type\":\"ReadAction\",\"target\":[\"https:\/\/xn--lafeclochette-dhb.fr\/index.php\/mon-parcours\/\"]}]},{\"@type\":\"ImageObject\",\"inLanguage\":\"fr-FR\",\"@id\":\"https:\/\/xn--lafeclochette-dhb.fr\/index.php\/mon-parcours\/#primaryimage\",\"url\":\"https:\/\/xn--lafeclochette-dhb.fr\/wp-content\/uploads\/angele.jpg\",\"contentUrl\":\"https:\/\/xn--lafeclochette-dhb.fr\/wp-content\/uploads\/angele.jpg\",\"width\":1536,\"height\":2048},{\"@type\":\"BreadcrumbList\",\"@id\":\"https:\/\/xn--lafeclochette-dhb.fr\/index.php\/mon-parcours\/#breadcrumb\",\"itemListElement\":[{\"@type\":\"ListItem\",\"position\":1,\"name\":\"Accueil\",\"item\":\"https:\/\/xn--lafeclochette-dhb.fr\/\"},{\"@type\":\"ListItem\",\"position\":2,\"name\":\"Mon Parcours\"}]},{\"@type\":\"WebSite\",\"@id\":\"https:\/\/xn--lafeclochette-dhb.fr\/#website\",\"url\":\"https:\/\/xn--lafeclochette-dhb.fr\/\",\"name\":\"LaF\u00e9eClochette\",\"description\":\"Robes de mari\u00e9e sur mesure\",\"publisher\":{\"@id\":\"https:\/\/xn--lafeclochette-dhb.fr\/#organization\"},\"potentialAction\":[{\"@type\":\"SearchAction\",\"target\":{\"@type\":\"EntryPoint\",\"urlTemplate\":\"https:\/\/xn--lafeclochette-dhb.fr\/?s={search_term_string}\"},\"query-input\":{\"@type\":\"PropertyValueSpecification\",\"valueRequired\":true,\"valueName\":\"search_term_string\"}}],\"inLanguage\":\"fr-FR\"},{\"@type\":\"Organization\",\"@id\":\"https:\/\/xn--lafeclochette-dhb.fr\/#organization\",\"name\":\"LaF\u00e9eClochette\",\"url\":\"https:\/\/xn--lafeclochette-dhb.fr\/\",\"logo\":{\"@type\":\"ImageObject\",\"inLanguage\":\"fr-FR\",\"@id\":\"https:\/\/xn--lafeclochette-dhb.fr\/#\/schema\/logo\/image\/\",\"url\":\"https:\/\/xn--lafeclochette-dhb.fr\/wp-content\/uploads\/2025\/01\/logoclochetteCARRE2.jpg\",\"contentUrl\":\"https:\/\/xn--lafeclochette-dhb.fr\/wp-content\/uploads\/2025\/01\/logoclochetteCARRE2.jpg\",\"width\":512,\"height\":512,\"caption\":\"LaF\u00e9eClochette\"},\"image\":{\"@id\":\"https:\/\/xn--lafeclochette-dhb.fr\/#\/schema\/logo\/image\/\"}}]}<\/script>\n<!-- \/ Yoast SEO plugin. -->","yoast_head_json":{"title":"Mon Parcours - LaF\u00e9eClochette","description":"Mon parcours de couturi\u00e8re cr\u00e9atrice en sur mesure de pr\u00eat \u00e0 porter f\u00e9minin, passionn\u00e9e de savoir-faire anciens et traditionnels.","robots":{"index":"index","follow":"follow","max-snippet":"max-snippet:-1","max-image-preview":"max-image-preview:large","max-video-preview":"max-video-preview:-1"},"canonical":"https:\/\/xn--lafeclochette-dhb.fr\/index.php\/mon-parcours\/","og_locale":"fr_FR","og_type":"article","og_title":"Mon Parcours - LaF\u00e9eClochette","og_description":"Mon parcours de couturi\u00e8re cr\u00e9atrice en sur mesure de pr\u00eat \u00e0 porter f\u00e9minin, passionn\u00e9e de savoir-faire anciens et traditionnels.","og_url":"https:\/\/xn--lafeclochette-dhb.fr\/index.php\/mon-parcours\/","og_site_name":"LaF\u00e9eClochette","article_modified_time":"2025-02-27T12:49:00+00:00","og_image":[{"width":1536,"height":2048,"url":"https:\/\/xn--lafeclochette-dhb.fr\/wp-content\/uploads\/angele.jpg","type":"image\/jpeg"}],"twitter_card":"summary_large_image","twitter_misc":{"Dur\u00e9e de lecture estim\u00e9e":"3 minutes"},"schema":{"@context":"https:\/\/schema.org","@graph":[{"@type":"WebPage","@id":"https:\/\/xn--lafeclochette-dhb.fr\/index.php\/mon-parcours\/","url":"https:\/\/xn--lafeclochette-dhb.fr\/index.php\/mon-parcours\/","name":"Mon Parcours - LaF\u00e9eClochette","isPartOf":{"@id":"https:\/\/xn--lafeclochette-dhb.fr\/#website"},"primaryImageOfPage":{"@id":"https:\/\/xn--lafeclochette-dhb.fr\/index.php\/mon-parcours\/#primaryimage"},"image":{"@id":"https:\/\/xn--lafeclochette-dhb.fr\/index.php\/mon-parcours\/#primaryimage"},"thumbnailUrl":"https:\/\/xn--lafeclochette-dhb.fr\/wp-content\/uploads\/angele-768x1024.jpg","datePublished":"2025-01-06T17:42:11+00:00","dateModified":"2025-02-27T12:49:00+00:00","description":"Mon parcours de couturi\u00e8re cr\u00e9atrice en sur mesure de pr\u00eat \u00e0 porter f\u00e9minin, passionn\u00e9e de savoir-faire anciens et traditionnels.","breadcrumb":{"@id":"https:\/\/xn--lafeclochette-dhb.fr\/index.php\/mon-parcours\/#breadcrumb"},"inLanguage":"fr-FR","potentialAction":[{"@type":"ReadAction","target":["https:\/\/xn--lafeclochette-dhb.fr\/index.php\/mon-parcours\/"]}]},{"@type":"ImageObject","inLanguage":"fr-FR","@id":"https:\/\/xn--lafeclochette-dhb.fr\/index.php\/mon-parcours\/#primaryimage","url":"https:\/\/xn--lafeclochette-dhb.fr\/wp-content\/uploads\/angele.jpg","contentUrl":"https:\/\/xn--lafeclochette-dhb.fr\/wp-content\/uploads\/angele.jpg","width":1536,"height":2048},{"@type":"BreadcrumbList","@id":"https:\/\/xn--lafeclochette-dhb.fr\/index.php\/mon-parcours\/#breadcrumb","itemListElement":[{"@type":"ListItem","position":1,"name":"Accueil","item":"https:\/\/xn--lafeclochette-dhb.fr\/"},{"@type":"ListItem","position":2,"name":"Mon Parcours"}]},{"@type":"WebSite","@id":"https:\/\/xn--lafeclochette-dhb.fr\/#website","url":"https:\/\/xn--lafeclochette-dhb.fr\/","name":"LaF\u00e9eClochette","description":"Robes de mari\u00e9e sur mesure","publisher":{"@id":"https:\/\/xn--lafeclochette-dhb.fr\/#organization"},"potentialAction":[{"@type":"SearchAction","target":{"@type":"EntryPoint","urlTemplate":"https:\/\/xn--lafeclochette-dhb.fr\/?s={search_term_string}"},"query-input":{"@type":"PropertyValueSpecification","valueRequired":true,"valueName":"search_term_string"}}],"inLanguage":"fr-FR"},{"@type":"Organization","@id":"https:\/\/xn--lafeclochette-dhb.fr\/#organization","name":"LaF\u00e9eClochette","url":"https:\/\/xn--lafeclochette-dhb.fr\/","logo":{"@type":"ImageObject","inLanguage":"fr-FR","@id":"https:\/\/xn--lafeclochette-dhb.fr\/#\/schema\/logo\/image\/","url":"https:\/\/xn--lafeclochette-dhb.fr\/wp-content\/uploads\/2025\/01\/logoclochetteCARRE2.jpg","contentUrl":"https:\/\/xn--lafeclochette-dhb.fr\/wp-content\/uploads\/2025\/01\/logoclochetteCARRE2.jpg","width":512,"height":512,"caption":"LaF\u00e9eClochette"},"image":{"@id":"https:\/\/xn--lafeclochette-dhb.fr\/#\/schema\/logo\/image\/"}}]}},"_links":{"self":[{"href":"https:\/\/xn--lafeclochette-dhb.fr\/index.php\/wp-json\/wp\/v2\/pages\/14","targetHints":{"allow":["GET"]}}],"collection":[{"href":"https:\/\/xn--lafeclochette-dhb.fr\/index.php\/wp-json\/wp\/v2\/pages"}],"about":[{"href":"https:\/\/xn--lafeclochette-dhb.fr\/index.php\/wp-json\/wp\/v2\/types\/page"}],"author":[{"embeddable":true,"href":"https:\/\/xn--lafeclochette-dhb.fr\/index.php\/wp-json\/wp\/v2\/users\/1"}],"replies":[{"embeddable":true,"href":"https:\/\/xn--lafeclochette-dhb.fr\/index.php\/wp-json\/wp\/v2\/comments?post=14"}],"version-history":[{"count":11,"href":"https:\/\/xn--lafeclochette-dhb.fr\/index.php\/wp-json\/wp\/v2\/pages\/14\/revisions"}],"predecessor-version":[{"id":105,"href":"https:\/\/xn--lafeclochette-dhb.fr\/index.php\/wp-json\/wp\/v2\/pages\/14\/revisions\/105"}],"wp:attachment":[{"href":"https:\/\/xn--lafeclochette-dhb.fr\/index.php\/wp-json\/wp\/v2\/media?parent=14"}],"curies":[{"name":"wp","href":"https:\/\/api.w.org\/{rel}","templated":true}]}}