{"id":10,"date":"2025-01-06T18:35:32","date_gmt":"2025-01-06T17:35:32","guid":{"rendered":"http:\/\/xn--lafeclochette-dhb.fr\/?page_id=10"},"modified":"2025-02-27T13:39:22","modified_gmt":"2025-02-27T12:39:22","slug":"bienvenue","status":"publish","type":"page","link":"https:\/\/xn--lafeclochette-dhb.fr\/","title":{"rendered":"Bienvenue"},"content":{"rendered":"\n<div class=\"wp-block-media-text is-stacked-on-mobile is-vertically-aligned-center\" style=\"grid-template-columns:27% auto\"><figure class=\"wp-block-media-text__media\"><img loading=\"lazy\" decoding=\"async\" width=\"541\" height=\"539\" src=\"http:\/\/xn--lafeclochette-dhb.fr\/wp-content\/uploads\/pomme.jpg\" alt=\"\" class=\"wp-image-48 size-full\" srcset=\"https:\/\/xn--lafeclochette-dhb.fr\/wp-content\/uploads\/pomme.jpg 541w, https:\/\/xn--lafeclochette-dhb.fr\/wp-content\/uploads\/pomme-300x300.jpg 300w, https:\/\/xn--lafeclochette-dhb.fr\/wp-content\/uploads\/pomme-150x150.jpg 150w\" sizes=\"auto, (max-width: 541px) 100vw, 541px\" \/><\/figure><div class=\"wp-block-media-text__content\">\n<p class=\"has-text-align-center has-black-color has-text-color has-link-color wp-elements-da4540275867ba8b3092e11038ed86a4\">Bienvenue sur le site de LaF\u00e9eClochette !<\/p>\n\n\n\n<p class=\"has-text-align-center has-black-color has-text-color has-link-color wp-elements-71e902c669920eb97f08e0b0659ac42e\">Cr\u00e9ation de Robes de Mari\u00e9es uniques et sur mesure.<\/p>\n\n\n\n<p class=\"has-text-align-center has-black-color has-text-color has-link-color wp-elements-ed2f831bd668c0a1a69b4639e81bcf2f\">Imagin\u00e9es, dessin\u00e9es et cousues \u00e0 la main dans un atelier artisanal en Provence.<\/p>\n<\/div><\/div>\n\n\n\n<figure class=\"wp-block-image size-full\"><img loading=\"lazy\" decoding=\"async\" width=\"1536\" height=\"1675\" src=\"http:\/\/xn--lafeclochette-dhb.fr\/wp-content\/uploads\/bienvenue-1.jpg\" alt=\"\" class=\"wp-image-47\" srcset=\"https:\/\/xn--lafeclochette-dhb.fr\/wp-content\/uploads\/bienvenue-1.jpg 1536w, https:\/\/xn--lafeclochette-dhb.fr\/wp-content\/uploads\/bienvenue-1-275x300.jpg 275w, https:\/\/xn--lafeclochette-dhb.fr\/wp-content\/uploads\/bienvenue-1-939x1024.jpg 939w, https:\/\/xn--lafeclochette-dhb.fr\/wp-content\/uploads\/bienvenue-1-768x838.jpg 768w, https:\/\/xn--lafeclochette-dhb.fr\/wp-content\/uploads\/bienvenue-1-1409x1536.jpg 1409w\" sizes=\"auto, (max-width: 1536px) 100vw, 1536px\" \/><\/figure>\n","protected":false},"excerpt":{"rendered":"<p>Bienvenue sur le site de LaF\u00e9eClochette ! Cr\u00e9ation de Robes de Mari\u00e9es uniques et sur mesure. Imagin\u00e9es, dessin\u00e9es et cousues \u00e0 la main dans un atelier artisanal en Provence.<\/p>\n","protected":false},"author":1,"featured_media":0,"parent":0,"menu_order":0,"comment_status":"closed","ping_status":"closed","template":"","meta":{"footnotes":""},"class_list":["post-10","page","type-page","status-publish","hentry"],"yoast_head":"<!-- This site is optimized with the Yoast SEO plugin v26.6 - https:\/\/yoast.com\/wordpress\/plugins\/seo\/ -->\n<title>Bienvenue - LaF\u00e9eClochette<\/title>\n<meta name=\"description\" content=\"Bienvenue sur la page de LaF\u00e9eClochette, d\u00e9di\u00e9 \u00e0 la couture main. Cr\u00e9atrice de robe de mari\u00e9es sur mesure en Provence.\" \/>\n<meta name=\"robots\" content=\"index, follow, max-snippet:-1, max-image-preview:large, max-video-preview:-1\" \/>\n<link rel=\"canonical\" href=\"https:\/\/xn--lafeclochette-dhb.fr\/\" \/>\n<meta property=\"og:locale\" content=\"fr_FR\" \/>\n<meta property=\"og:type\" content=\"article\" \/>\n<meta property=\"og:title\" content=\"Bienvenue - LaF\u00e9eClochette\" \/>\n<meta property=\"og:description\" content=\"Bienvenue sur la page de LaF\u00e9eClochette, d\u00e9di\u00e9 \u00e0 la couture main. Cr\u00e9atrice de robe de mari\u00e9es sur mesure en Provence.\" \/>\n<meta property=\"og:url\" content=\"https:\/\/xn--lafeclochette-dhb.fr\/\" \/>\n<meta property=\"og:site_name\" content=\"LaF\u00e9eClochette\" \/>\n<meta property=\"article:modified_time\" content=\"2025-02-27T12:39:22+00:00\" \/>\n<meta property=\"og:image\" content=\"https:\/\/xn--lafeclochette-dhb.fr\/wp-content\/uploads\/pomme.jpg\" \/>\n\t<meta property=\"og:image:width\" content=\"541\" \/>\n\t<meta property=\"og:image:height\" content=\"539\" \/>\n\t<meta property=\"og:image:type\" content=\"image\/jpeg\" \/>\n<meta name=\"twitter:card\" content=\"summary_large_image\" \/>\n<meta name=\"twitter:label1\" content=\"Dur\u00e9e de lecture estim\u00e9e\" \/>\n\t<meta name=\"twitter:data1\" content=\"1 minute\" \/>\n<script type=\"application\/ld+json\" class=\"yoast-schema-graph\">{\"@context\":\"https:\/\/schema.org\",\"@graph\":[{\"@type\":\"WebPage\",\"@id\":\"https:\/\/xn--lafeclochette-dhb.fr\/\",\"url\":\"https:\/\/xn--lafeclochette-dhb.fr\/\",\"name\":\"Bienvenue - LaF\u00e9eClochette\",\"isPartOf\":{\"@id\":\"https:\/\/xn--lafeclochette-dhb.fr\/#website\"},\"primaryImageOfPage\":{\"@id\":\"https:\/\/xn--lafeclochette-dhb.fr\/#primaryimage\"},\"image\":{\"@id\":\"https:\/\/xn--lafeclochette-dhb.fr\/#primaryimage\"},\"thumbnailUrl\":\"http:\/\/xn--lafeclochette-dhb.fr\/wp-content\/uploads\/pomme.jpg\",\"datePublished\":\"2025-01-06T17:35:32+00:00\",\"dateModified\":\"2025-02-27T12:39:22+00:00\",\"description\":\"Bienvenue sur la page de LaF\u00e9eClochette, d\u00e9di\u00e9 \u00e0 la couture main. Cr\u00e9atrice de robe de mari\u00e9es sur mesure en Provence.\",\"breadcrumb\":{\"@id\":\"https:\/\/xn--lafeclochette-dhb.fr\/#breadcrumb\"},\"inLanguage\":\"fr-FR\",\"potentialAction\":[{\"@type\":\"ReadAction\",\"target\":[\"https:\/\/xn--lafeclochette-dhb.fr\/\"]}]},{\"@type\":\"ImageObject\",\"inLanguage\":\"fr-FR\",\"@id\":\"https:\/\/xn--lafeclochette-dhb.fr\/#primaryimage\",\"url\":\"https:\/\/xn--lafeclochette-dhb.fr\/wp-content\/uploads\/pomme.jpg\",\"contentUrl\":\"https:\/\/xn--lafeclochette-dhb.fr\/wp-content\/uploads\/pomme.jpg\",\"width\":541,\"height\":539},{\"@type\":\"BreadcrumbList\",\"@id\":\"https:\/\/xn--lafeclochette-dhb.fr\/#breadcrumb\",\"itemListElement\":[{\"@type\":\"ListItem\",\"position\":1,\"name\":\"Accueil\",\"item\":\"https:\/\/xn--lafeclochette-dhb.fr\/\"},{\"@type\":\"ListItem\",\"position\":2,\"name\":\"Bienvenue\"}]},{\"@type\":\"WebSite\",\"@id\":\"https:\/\/xn--lafeclochette-dhb.fr\/#website\",\"url\":\"https:\/\/xn--lafeclochette-dhb.fr\/\",\"name\":\"LaF\u00e9eClochette\",\"description\":\"Robes de mari\u00e9e sur mesure\",\"publisher\":{\"@id\":\"https:\/\/xn--lafeclochette-dhb.fr\/#organization\"},\"potentialAction\":[{\"@type\":\"SearchAction\",\"target\":{\"@type\":\"EntryPoint\",\"urlTemplate\":\"https:\/\/xn--lafeclochette-dhb.fr\/?s={search_term_string}\"},\"query-input\":{\"@type\":\"PropertyValueSpecification\",\"valueRequired\":true,\"valueName\":\"search_term_string\"}}],\"inLanguage\":\"fr-FR\"},{\"@type\":\"Organization\",\"@id\":\"https:\/\/xn--lafeclochette-dhb.fr\/#organization\",\"name\":\"LaF\u00e9eClochette\",\"url\":\"https:\/\/xn--lafeclochette-dhb.fr\/\",\"logo\":{\"@type\":\"ImageObject\",\"inLanguage\":\"fr-FR\",\"@id\":\"https:\/\/xn--lafeclochette-dhb.fr\/#\/schema\/logo\/image\/\",\"url\":\"https:\/\/xn--lafeclochette-dhb.fr\/wp-content\/uploads\/2025\/01\/logoclochetteCARRE2.jpg\",\"contentUrl\":\"https:\/\/xn--lafeclochette-dhb.fr\/wp-content\/uploads\/2025\/01\/logoclochetteCARRE2.jpg\",\"width\":512,\"height\":512,\"caption\":\"LaF\u00e9eClochette\"},\"image\":{\"@id\":\"https:\/\/xn--lafeclochette-dhb.fr\/#\/schema\/logo\/image\/\"}}]}<\/script>\n<!-- \/ Yoast SEO plugin. -->","yoast_head_json":{"title":"Bienvenue - LaF\u00e9eClochette","description":"Bienvenue sur la page de LaF\u00e9eClochette, d\u00e9di\u00e9 \u00e0 la couture main. Cr\u00e9atrice de robe de mari\u00e9es sur mesure en Provence.","robots":{"index":"index","follow":"follow","max-snippet":"max-snippet:-1","max-image-preview":"max-image-preview:large","max-video-preview":"max-video-preview:-1"},"canonical":"https:\/\/xn--lafeclochette-dhb.fr\/","og_locale":"fr_FR","og_type":"article","og_title":"Bienvenue - LaF\u00e9eClochette","og_description":"Bienvenue sur la page de LaF\u00e9eClochette, d\u00e9di\u00e9 \u00e0 la couture main. Cr\u00e9atrice de robe de mari\u00e9es sur mesure en Provence.","og_url":"https:\/\/xn--lafeclochette-dhb.fr\/","og_site_name":"LaF\u00e9eClochette","article_modified_time":"2025-02-27T12:39:22+00:00","og_image":[{"width":541,"height":539,"url":"https:\/\/xn--lafeclochette-dhb.fr\/wp-content\/uploads\/pomme.jpg","type":"image\/jpeg"}],"twitter_card":"summary_large_image","twitter_misc":{"Dur\u00e9e de lecture estim\u00e9e":"1 minute"},"schema":{"@context":"https:\/\/schema.org","@graph":[{"@type":"WebPage","@id":"https:\/\/xn--lafeclochette-dhb.fr\/","url":"https:\/\/xn--lafeclochette-dhb.fr\/","name":"Bienvenue - LaF\u00e9eClochette","isPartOf":{"@id":"https:\/\/xn--lafeclochette-dhb.fr\/#website"},"primaryImageOfPage":{"@id":"https:\/\/xn--lafeclochette-dhb.fr\/#primaryimage"},"image":{"@id":"https:\/\/xn--lafeclochette-dhb.fr\/#primaryimage"},"thumbnailUrl":"http:\/\/xn--lafeclochette-dhb.fr\/wp-content\/uploads\/pomme.jpg","datePublished":"2025-01-06T17:35:32+00:00","dateModified":"2025-02-27T12:39:22+00:00","description":"Bienvenue sur la page de LaF\u00e9eClochette, d\u00e9di\u00e9 \u00e0 la couture main. Cr\u00e9atrice de robe de mari\u00e9es sur mesure en Provence.","breadcrumb":{"@id":"https:\/\/xn--lafeclochette-dhb.fr\/#breadcrumb"},"inLanguage":"fr-FR","potentialAction":[{"@type":"ReadAction","target":["https:\/\/xn--lafeclochette-dhb.fr\/"]}]},{"@type":"ImageObject","inLanguage":"fr-FR","@id":"https:\/\/xn--lafeclochette-dhb.fr\/#primaryimage","url":"https:\/\/xn--lafeclochette-dhb.fr\/wp-content\/uploads\/pomme.jpg","contentUrl":"https:\/\/xn--lafeclochette-dhb.fr\/wp-content\/uploads\/pomme.jpg","width":541,"height":539},{"@type":"BreadcrumbList","@id":"https:\/\/xn--lafeclochette-dhb.fr\/#breadcrumb","itemListElement":[{"@type":"ListItem","position":1,"name":"Accueil","item":"https:\/\/xn--lafeclochette-dhb.fr\/"},{"@type":"ListItem","position":2,"name":"Bienvenue"}]},{"@type":"WebSite","@id":"https:\/\/xn--lafeclochette-dhb.fr\/#website","url":"https:\/\/xn--lafeclochette-dhb.fr\/","name":"LaF\u00e9eClochette","description":"Robes de mari\u00e9e sur mesure","publisher":{"@id":"https:\/\/xn--lafeclochette-dhb.fr\/#organization"},"potentialAction":[{"@type":"SearchAction","target":{"@type":"EntryPoint","urlTemplate":"https:\/\/xn--lafeclochette-dhb.fr\/?s={search_term_string}"},"query-input":{"@type":"PropertyValueSpecification","valueRequired":true,"valueName":"search_term_string"}}],"inLanguage":"fr-FR"},{"@type":"Organization","@id":"https:\/\/xn--lafeclochette-dhb.fr\/#organization","name":"LaF\u00e9eClochette","url":"https:\/\/xn--lafeclochette-dhb.fr\/","logo":{"@type":"ImageObject","inLanguage":"fr-FR","@id":"https:\/\/xn--lafeclochette-dhb.fr\/#\/schema\/logo\/image\/","url":"https:\/\/xn--lafeclochette-dhb.fr\/wp-content\/uploads\/2025\/01\/logoclochetteCARRE2.jpg","contentUrl":"https:\/\/xn--lafeclochette-dhb.fr\/wp-content\/uploads\/2025\/01\/logoclochetteCARRE2.jpg","width":512,"height":512,"caption":"LaF\u00e9eClochette"},"image":{"@id":"https:\/\/xn--lafeclochette-dhb.fr\/#\/schema\/logo\/image\/"}}]}},"_links":{"self":[{"href":"https:\/\/xn--lafeclochette-dhb.fr\/index.php\/wp-json\/wp\/v2\/pages\/10","targetHints":{"allow":["GET"]}}],"collection":[{"href":"https:\/\/xn--lafeclochette-dhb.fr\/index.php\/wp-json\/wp\/v2\/pages"}],"about":[{"href":"https:\/\/xn--lafeclochette-dhb.fr\/index.php\/wp-json\/wp\/v2\/types\/page"}],"author":[{"embeddable":true,"href":"https:\/\/xn--lafeclochette-dhb.fr\/index.php\/wp-json\/wp\/v2\/users\/1"}],"replies":[{"embeddable":true,"href":"https:\/\/xn--lafeclochette-dhb.fr\/index.php\/wp-json\/wp\/v2\/comments?post=10"}],"version-history":[{"count":8,"href":"https:\/\/xn--lafeclochette-dhb.fr\/index.php\/wp-json\/wp\/v2\/pages\/10\/revisions"}],"predecessor-version":[{"id":98,"href":"https:\/\/xn--lafeclochette-dhb.fr\/index.php\/wp-json\/wp\/v2\/pages\/10\/revisions\/98"}],"wp:attachment":[{"href":"https:\/\/xn--lafeclochette-dhb.fr\/index.php\/wp-json\/wp\/v2\/media?parent=10"}],"curies":[{"name":"wp","href":"https:\/\/api.w.org\/{rel}","templated":true}]}}